{"id":15,"date":"2025-04-15T14:12:00","date_gmt":"2025-04-15T17:12:00","guid":{"rendered":"https:\/\/refazendacomunicacao.com.br\/?page_id=15"},"modified":"2025-04-16T18:26:05","modified_gmt":"2025-04-16T21:26:05","slug":"home","status":"publish","type":"page","link":"https:\/\/refazendacomunicacao.com.br\/","title":{"rendered":"HOME"},"content":{"rendered":"\t\t<div data-elementor-type=\"wp-page\" data-elementor-id=\"15\" class=\"elementor elementor-15\" data-elementor-post-type=\"page\">\n\t\t\t\t<div class=\"elementor-element elementor-element-e35946d e-flex e-con-boxed e-con e-parent\" data-id=\"e35946d\" data-element_type=\"container\">\n\t\t\t\t\t<div class=\"e-con-inner\">\n\t\t\t\t<div class=\"elementor-element elementor-element-f1b2c0e elementor-widget elementor-widget-image\" data-id=\"f1b2c0e\" data-element_type=\"widget\" data-widget_type=\"image.default\">\n\t\t\t\t<div class=\"elementor-widget-container\">\n\t\t\t\t\t\t\t\t\t\t\t\t\t\t\t<img fetchpriority=\"high\" decoding=\"async\" width=\"800\" height=\"164\" src=\"https:\/\/refazendacomunicacao.com.br\/wp-content\/uploads\/2025\/04\/Ativo-25@1920x-1024x210.png\" class=\"attachment-large size-large wp-image-61\" alt=\"\" srcset=\"https:\/\/refazendacomunicacao.com.br\/wp-content\/uploads\/2025\/04\/Ativo-25@1920x-1024x210.png 1024w, https:\/\/refazendacomunicacao.com.br\/wp-content\/uploads\/2025\/04\/Ativo-25@1920x-300x61.png 300w, https:\/\/refazendacomunicacao.com.br\/wp-content\/uploads\/2025\/04\/Ativo-25@1920x-768x157.png 768w, https:\/\/refazendacomunicacao.com.br\/wp-content\/uploads\/2025\/04\/Ativo-25@1920x-1536x314.png 1536w, https:\/\/refazendacomunicacao.com.br\/wp-content\/uploads\/2025\/04\/Ativo-25@1920x.png 1920w\" sizes=\"(max-width: 800px) 100vw, 800px\" \/>\t\t\t\t\t\t\t\t\t\t\t\t\t\t\t<\/div>\n\t\t\t\t<\/div>\n\t\t\t\t<div class=\"elementor-element elementor-element-3a63628 elementor-widget elementor-widget-image\" data-id=\"3a63628\" data-element_type=\"widget\" data-widget_type=\"image.default\">\n\t\t\t\t<div class=\"elementor-widget-container\">\n\t\t\t\t\t\t\t\t\t\t\t\t\t\t\t<img decoding=\"async\" width=\"800\" height=\"800\" src=\"https:\/\/refazendacomunicacao.com.br\/wp-content\/uploads\/2025\/04\/Ativo-26@1920x-1024x1024.png\" class=\"attachment-large size-large wp-image-62\" alt=\"\" srcset=\"https:\/\/refazendacomunicacao.com.br\/wp-content\/uploads\/2025\/04\/Ativo-26@1920x-1024x1024.png 1024w, https:\/\/refazendacomunicacao.com.br\/wp-content\/uploads\/2025\/04\/Ativo-26@1920x-300x300.png 300w, https:\/\/refazendacomunicacao.com.br\/wp-content\/uploads\/2025\/04\/Ativo-26@1920x-150x150.png 150w, https:\/\/refazendacomunicacao.com.br\/wp-content\/uploads\/2025\/04\/Ativo-26@1920x-768x768.png 768w, https:\/\/refazendacomunicacao.com.br\/wp-content\/uploads\/2025\/04\/Ativo-26@1920x-1536x1536.png 1536w, https:\/\/refazendacomunicacao.com.br\/wp-content\/uploads\/2025\/04\/Ativo-26@1920x.png 1920w\" sizes=\"(max-width: 800px) 100vw, 800px\" \/>\t\t\t\t\t\t\t\t\t\t\t\t\t\t\t<\/div>\n\t\t\t\t<\/div>\n\t\t\t\t<div class=\"elementor-element elementor-element-ffe9aab elementor-widget elementor-widget-heading\" data-id=\"ffe9aab\" data-element_type=\"widget\" data-widget_type=\"heading.default\">\n\t\t\t\t<div class=\"elementor-widget-container\">\n\t\t\t\t\t<h1 class=\"elementor-heading-title elementor-size-default\">Estrat\u00e9gias personalizadas,\nresultados reais.<\/h1>\t\t\t\t<\/div>\n\t\t\t\t<\/div>\n\t\t<div class=\"elementor-element elementor-element-8c3ab63 e-grid e-con-full e-con e-child\" data-id=\"8c3ab63\" data-element_type=\"container\">\n\t\t\t\t<div class=\"elementor-element elementor-element-484b6c6 elementor-widget elementor-widget-image\" data-id=\"484b6c6\" data-element_type=\"widget\" data-widget_type=\"image.default\">\n\t\t\t\t<div class=\"elementor-widget-container\">\n\t\t\t\t\t\t\t\t\t\t\t\t\t\t\t<img decoding=\"async\" width=\"800\" height=\"652\" src=\"https:\/\/refazendacomunicacao.com.br\/wp-content\/uploads\/2025\/04\/Ativo-33@1920x-1024x834.png\" class=\"attachment-large size-large wp-image-63\" alt=\"\" srcset=\"https:\/\/refazendacomunicacao.com.br\/wp-content\/uploads\/2025\/04\/Ativo-33@1920x-1024x834.png 1024w, https:\/\/refazendacomunicacao.com.br\/wp-content\/uploads\/2025\/04\/Ativo-33@1920x-300x244.png 300w, https:\/\/refazendacomunicacao.com.br\/wp-content\/uploads\/2025\/04\/Ativo-33@1920x-768x626.png 768w, https:\/\/refazendacomunicacao.com.br\/wp-content\/uploads\/2025\/04\/Ativo-33@1920x-1536x1251.png 1536w, https:\/\/refazendacomunicacao.com.br\/wp-content\/uploads\/2025\/04\/Ativo-33@1920x.png 1920w\" sizes=\"(max-width: 800px) 100vw, 800px\" \/>\t\t\t\t\t\t\t\t\t\t\t\t\t\t\t<\/div>\n\t\t\t\t<\/div>\n\t\t\t\t<div class=\"elementor-element elementor-element-06a61d1 elementor-widget elementor-widget-heading\" data-id=\"06a61d1\" data-element_type=\"widget\" data-widget_type=\"heading.default\">\n\t\t\t\t<div class=\"elementor-widget-container\">\n\t\t\t\t\t<h5 class=\"elementor-heading-title elementor-size-default\">Comunica\u00e7\u00e3o que aproxima, transforma e faz sentido.<\/h5>\t\t\t\t<\/div>\n\t\t\t\t<\/div>\n\t\t\t\t<div class=\"elementor-element elementor-element-15870bd elementor-widget elementor-widget-image\" data-id=\"15870bd\" data-element_type=\"widget\" data-widget_type=\"image.default\">\n\t\t\t\t<div class=\"elementor-widget-container\">\n\t\t\t\t\t\t\t\t\t\t\t\t\t\t\t<img decoding=\"async\" width=\"800\" height=\"652\" src=\"https:\/\/refazendacomunicacao.com.br\/wp-content\/uploads\/2025\/04\/Ativo-33@1920x-1024x834.png\" class=\"attachment-large size-large wp-image-63\" alt=\"\" srcset=\"https:\/\/refazendacomunicacao.com.br\/wp-content\/uploads\/2025\/04\/Ativo-33@1920x-1024x834.png 1024w, https:\/\/refazendacomunicacao.com.br\/wp-content\/uploads\/2025\/04\/Ativo-33@1920x-300x244.png 300w, https:\/\/refazendacomunicacao.com.br\/wp-content\/uploads\/2025\/04\/Ativo-33@1920x-768x626.png 768w, https:\/\/refazendacomunicacao.com.br\/wp-content\/uploads\/2025\/04\/Ativo-33@1920x-1536x1251.png 1536w, https:\/\/refazendacomunicacao.com.br\/wp-content\/uploads\/2025\/04\/Ativo-33@1920x.png 1920w\" sizes=\"(max-width: 800px) 100vw, 800px\" \/>\t\t\t\t\t\t\t\t\t\t\t\t\t\t\t<\/div>\n\t\t\t\t<\/div>\n\t\t\t\t<\/div>\n\t\t\t\t<div class=\"elementor-element elementor-element-a39b0c1 elementor-widget elementor-widget-image\" data-id=\"a39b0c1\" data-element_type=\"widget\" data-widget_type=\"image.default\">\n\t\t\t\t<div class=\"elementor-widget-container\">\n\t\t\t\t\t\t\t\t\t\t\t\t\t\t\t<img loading=\"lazy\" decoding=\"async\" width=\"800\" height=\"800\" src=\"https:\/\/refazendacomunicacao.com.br\/wp-content\/uploads\/2025\/04\/Ativo-34@1920x-1024x1024.png\" class=\"attachment-large size-large wp-image-73\" alt=\"\" srcset=\"https:\/\/refazendacomunicacao.com.br\/wp-content\/uploads\/2025\/04\/Ativo-34@1920x-1024x1024.png 1024w, https:\/\/refazendacomunicacao.com.br\/wp-content\/uploads\/2025\/04\/Ativo-34@1920x-300x300.png 300w, https:\/\/refazendacomunicacao.com.br\/wp-content\/uploads\/2025\/04\/Ativo-34@1920x-150x150.png 150w, https:\/\/refazendacomunicacao.com.br\/wp-content\/uploads\/2025\/04\/Ativo-34@1920x-768x768.png 768w, https:\/\/refazendacomunicacao.com.br\/wp-content\/uploads\/2025\/04\/Ativo-34@1920x-1536x1536.png 1536w, https:\/\/refazendacomunicacao.com.br\/wp-content\/uploads\/2025\/04\/Ativo-34@1920x.png 1920w\" sizes=\"(max-width: 800px) 100vw, 800px\" \/>\t\t\t\t\t\t\t\t\t\t\t\t\t\t\t<\/div>\n\t\t\t\t<\/div>\n\t\t\t\t\t<\/div>\n\t\t\t\t<\/div>\n\t\t<div class=\"elementor-element elementor-element-3589c3d e-flex e-con-boxed e-con e-parent\" data-id=\"3589c3d\" data-element_type=\"container\">\n\t\t\t\t\t<div class=\"e-con-inner\">\n\t\t\t\t<div class=\"elementor-element elementor-element-38b8f9c elementor-widget elementor-widget-image\" data-id=\"38b8f9c\" data-element_type=\"widget\" data-widget_type=\"image.default\">\n\t\t\t\t<div class=\"elementor-widget-container\">\n\t\t\t\t\t\t\t\t\t\t\t\t\t\t\t<img decoding=\"async\" width=\"800\" height=\"800\" src=\"https:\/\/refazendacomunicacao.com.br\/wp-content\/uploads\/2025\/04\/Ativo-26@1920x-1024x1024.png\" class=\"attachment-large size-large wp-image-62\" alt=\"\" srcset=\"https:\/\/refazendacomunicacao.com.br\/wp-content\/uploads\/2025\/04\/Ativo-26@1920x-1024x1024.png 1024w, https:\/\/refazendacomunicacao.com.br\/wp-content\/uploads\/2025\/04\/Ativo-26@1920x-300x300.png 300w, https:\/\/refazendacomunicacao.com.br\/wp-content\/uploads\/2025\/04\/Ativo-26@1920x-150x150.png 150w, https:\/\/refazendacomunicacao.com.br\/wp-content\/uploads\/2025\/04\/Ativo-26@1920x-768x768.png 768w, https:\/\/refazendacomunicacao.com.br\/wp-content\/uploads\/2025\/04\/Ativo-26@1920x-1536x1536.png 1536w, https:\/\/refazendacomunicacao.com.br\/wp-content\/uploads\/2025\/04\/Ativo-26@1920x.png 1920w\" sizes=\"(max-width: 800px) 100vw, 800px\" \/>\t\t\t\t\t\t\t\t\t\t\t\t\t\t\t<\/div>\n\t\t\t\t<\/div>\n\t\t\t\t<div class=\"elementor-element elementor-element-37159e4 elementor-widget elementor-widget-heading\" data-id=\"37159e4\" data-element_type=\"widget\" data-widget_type=\"heading.default\">\n\t\t\t\t<div class=\"elementor-widget-container\">\n\t\t\t\t\t<h1 class=\"elementor-heading-title elementor-size-default\">O que nos torna<p>diferentes?<span style=\"font-size: 2.5rem; letter-spacing: 3.7px;\"><\/span><\/p><\/h1>\t\t\t\t<\/div>\n\t\t\t\t<\/div>\n\t\t\t\t<div class=\"elementor-element elementor-element-f58167a elementor-widget elementor-widget-heading\" data-id=\"f58167a\" data-element_type=\"widget\" data-widget_type=\"heading.default\">\n\t\t\t\t<div class=\"elementor-widget-container\">\n\t\t\t\t\t<h5 class=\"elementor-heading-title elementor-size-default\">Na Refazenda, aproximamos marcas de seus p\u00fablicos com <p>solu\u00e7\u00f5es criativas, personalizadas e transformadoras.<span style=\"font-size: 1.25rem;\"><\/span><\/p><\/h5>\t\t\t\t<\/div>\n\t\t\t\t<\/div>\n\t\t\t\t<div class=\"elementor-element elementor-element-acfcb14 elementor-widget elementor-widget-image\" data-id=\"acfcb14\" data-element_type=\"widget\" data-widget_type=\"image.default\">\n\t\t\t\t<div class=\"elementor-widget-container\">\n\t\t\t\t\t\t\t\t\t\t\t\t\t\t\t<img loading=\"lazy\" decoding=\"async\" width=\"800\" height=\"666\" src=\"https:\/\/refazendacomunicacao.com.br\/wp-content\/uploads\/2025\/04\/Ativo-64@1920x-1024x853.png\" class=\"attachment-large size-large wp-image-95\" alt=\"\" srcset=\"https:\/\/refazendacomunicacao.com.br\/wp-content\/uploads\/2025\/04\/Ativo-64@1920x-1024x853.png 1024w, https:\/\/refazendacomunicacao.com.br\/wp-content\/uploads\/2025\/04\/Ativo-64@1920x-300x250.png 300w, https:\/\/refazendacomunicacao.com.br\/wp-content\/uploads\/2025\/04\/Ativo-64@1920x-768x640.png 768w, https:\/\/refazendacomunicacao.com.br\/wp-content\/uploads\/2025\/04\/Ativo-64@1920x-1536x1280.png 1536w, https:\/\/refazendacomunicacao.com.br\/wp-content\/uploads\/2025\/04\/Ativo-64@1920x.png 1920w\" sizes=\"(max-width: 800px) 100vw, 800px\" \/>\t\t\t\t\t\t\t\t\t\t\t\t\t\t\t<\/div>\n\t\t\t\t<\/div>\n\t\t\t\t\t<\/div>\n\t\t\t\t<\/div>\n\t\t<div class=\"elementor-element elementor-element-3a89a7e e-flex e-con-boxed e-con e-parent\" data-id=\"3a89a7e\" data-element_type=\"container\">\n\t\t\t\t\t<div class=\"e-con-inner\">\n\t\t\t\t<div class=\"elementor-element elementor-element-38ecd82 elementor-widget__width-initial elementor-widget elementor-widget-image\" data-id=\"38ecd82\" data-element_type=\"widget\" data-widget_type=\"image.default\">\n\t\t\t\t<div class=\"elementor-widget-container\">\n\t\t\t\t\t\t\t\t\t\t\t\t\t\t\t<img decoding=\"async\" width=\"800\" height=\"800\" src=\"https:\/\/refazendacomunicacao.com.br\/wp-content\/uploads\/2025\/04\/Ativo-26@1920x-1024x1024.png\" class=\"attachment-large size-large wp-image-62\" alt=\"\" srcset=\"https:\/\/refazendacomunicacao.com.br\/wp-content\/uploads\/2025\/04\/Ativo-26@1920x-1024x1024.png 1024w, https:\/\/refazendacomunicacao.com.br\/wp-content\/uploads\/2025\/04\/Ativo-26@1920x-300x300.png 300w, https:\/\/refazendacomunicacao.com.br\/wp-content\/uploads\/2025\/04\/Ativo-26@1920x-150x150.png 150w, https:\/\/refazendacomunicacao.com.br\/wp-content\/uploads\/2025\/04\/Ativo-26@1920x-768x768.png 768w, https:\/\/refazendacomunicacao.com.br\/wp-content\/uploads\/2025\/04\/Ativo-26@1920x-1536x1536.png 1536w, https:\/\/refazendacomunicacao.com.br\/wp-content\/uploads\/2025\/04\/Ativo-26@1920x.png 1920w\" sizes=\"(max-width: 800px) 100vw, 800px\" \/>\t\t\t\t\t\t\t\t\t\t\t\t\t\t\t<\/div>\n\t\t\t\t<\/div>\n\t\t\t\t<div class=\"elementor-element elementor-element-3abf935 elementor-widget elementor-widget-heading\" data-id=\"3abf935\" data-element_type=\"widget\" data-widget_type=\"heading.default\">\n\t\t\t\t<div class=\"elementor-widget-container\">\n\t\t\t\t\t<h1 class=\"elementor-heading-title elementor-size-default\">Nossos Servi\u00e7os<\/h1>\t\t\t\t<\/div>\n\t\t\t\t<\/div>\n\t\t\t\t<div class=\"elementor-element elementor-element-d996e3e elementor-widget__width-initial elementor-widget elementor-widget-image\" data-id=\"d996e3e\" data-element_type=\"widget\" data-widget_type=\"image.default\">\n\t\t\t\t<div class=\"elementor-widget-container\">\n\t\t\t\t\t\t\t\t\t\t\t\t\t\t\t<img decoding=\"async\" width=\"800\" height=\"800\" src=\"https:\/\/refazendacomunicacao.com.br\/wp-content\/uploads\/2025\/04\/Ativo-26@1920x-1024x1024.png\" class=\"attachment-large size-large wp-image-62\" alt=\"\" srcset=\"https:\/\/refazendacomunicacao.com.br\/wp-content\/uploads\/2025\/04\/Ativo-26@1920x-1024x1024.png 1024w, https:\/\/refazendacomunicacao.com.br\/wp-content\/uploads\/2025\/04\/Ativo-26@1920x-300x300.png 300w, https:\/\/refazendacomunicacao.com.br\/wp-content\/uploads\/2025\/04\/Ativo-26@1920x-150x150.png 150w, https:\/\/refazendacomunicacao.com.br\/wp-content\/uploads\/2025\/04\/Ativo-26@1920x-768x768.png 768w, https:\/\/refazendacomunicacao.com.br\/wp-content\/uploads\/2025\/04\/Ativo-26@1920x-1536x1536.png 1536w, https:\/\/refazendacomunicacao.com.br\/wp-content\/uploads\/2025\/04\/Ativo-26@1920x.png 1920w\" sizes=\"(max-width: 800px) 100vw, 800px\" \/>\t\t\t\t\t\t\t\t\t\t\t\t\t\t\t<\/div>\n\t\t\t\t<\/div>\n\t\t\t\t\t<\/div>\n\t\t\t\t<\/div>\n\t\t<div class=\"elementor-element elementor-element-12dca25 e-flex e-con-boxed e-con e-parent\" data-id=\"12dca25\" data-element_type=\"container\">\n\t\t\t\t\t<div class=\"e-con-inner\">\n\t\t\t\t<div class=\"elementor-element elementor-element-11620ab elementor-widget elementor-widget-heading\" data-id=\"11620ab\" data-element_type=\"widget\" data-widget_type=\"heading.default\">\n\t\t\t\t<div class=\"elementor-widget-container\">\n\t\t\t\t\t<h5 class=\"elementor-heading-title elementor-size-default\">Solu\u00e7\u00f5es criativas para transformar a<p>\ncomunica\u00e7\u00e3o da sua marca.<\/p><\/h5>\t\t\t\t<\/div>\n\t\t\t\t<\/div>\n\t\t\t\t\t<\/div>\n\t\t\t\t<\/div>\n\t\t<div class=\"elementor-element elementor-element-6cdd4b4 e-flex e-con-boxed e-con e-parent\" data-id=\"6cdd4b4\" data-element_type=\"container\" data-settings=\"{&quot;background_background&quot;:&quot;classic&quot;}\">\n\t\t\t\t\t<div class=\"e-con-inner\">\n\t\t\t\t<div class=\"elementor-element elementor-element-2e6d4db elementor-widget elementor-widget-image\" data-id=\"2e6d4db\" data-element_type=\"widget\" data-widget_type=\"image.default\">\n\t\t\t\t<div class=\"elementor-widget-container\">\n\t\t\t\t\t\t\t\t\t\t\t\t\t\t\t<img loading=\"lazy\" decoding=\"async\" width=\"800\" height=\"362\" src=\"https:\/\/refazendacomunicacao.com.br\/wp-content\/uploads\/2025\/04\/Ativo-68@1920x-8-1024x463.png\" class=\"attachment-large size-large wp-image-123\" alt=\"\" srcset=\"https:\/\/refazendacomunicacao.com.br\/wp-content\/uploads\/2025\/04\/Ativo-68@1920x-8-1024x463.png 1024w, https:\/\/refazendacomunicacao.com.br\/wp-content\/uploads\/2025\/04\/Ativo-68@1920x-8-300x136.png 300w, https:\/\/refazendacomunicacao.com.br\/wp-content\/uploads\/2025\/04\/Ativo-68@1920x-8-768x347.png 768w, https:\/\/refazendacomunicacao.com.br\/wp-content\/uploads\/2025\/04\/Ativo-68@1920x-8-1536x694.png 1536w, https:\/\/refazendacomunicacao.com.br\/wp-content\/uploads\/2025\/04\/Ativo-68@1920x-8.png 1920w\" sizes=\"(max-width: 800px) 100vw, 800px\" \/>\t\t\t\t\t\t\t\t\t\t\t\t\t\t\t<\/div>\n\t\t\t\t<\/div>\n\t\t\t\t\t<\/div>\n\t\t\t\t<\/div>\n\t\t<div class=\"elementor-element elementor-element-632425f e-flex e-con-boxed e-con e-parent\" data-id=\"632425f\" data-element_type=\"container\" data-settings=\"{&quot;background_background&quot;:&quot;classic&quot;}\">\n\t\t\t\t\t<div class=\"e-con-inner\">\n\t\t\t\t<div class=\"elementor-element elementor-element-86497fc elementor-widget elementor-widget-image\" data-id=\"86497fc\" data-element_type=\"widget\" data-widget_type=\"image.default\">\n\t\t\t\t<div class=\"elementor-widget-container\">\n\t\t\t\t\t\t\t\t\t\t\t\t\t\t\t<img loading=\"lazy\" decoding=\"async\" width=\"1920\" height=\"4905\" src=\"https:\/\/refazendacomunicacao.com.br\/wp-content\/uploads\/2025\/04\/bottom.png\" class=\"attachment-full size-full wp-image-127\" alt=\"\" srcset=\"https:\/\/refazendacomunicacao.com.br\/wp-content\/uploads\/2025\/04\/bottom.png 1920w, https:\/\/refazendacomunicacao.com.br\/wp-content\/uploads\/2025\/04\/bottom-117x300.png 117w, https:\/\/refazendacomunicacao.com.br\/wp-content\/uploads\/2025\/04\/bottom-401x1024.png 401w, https:\/\/refazendacomunicacao.com.br\/wp-content\/uploads\/2025\/04\/bottom-768x1962.png 768w, https:\/\/refazendacomunicacao.com.br\/wp-content\/uploads\/2025\/04\/bottom-601x1536.png 601w, https:\/\/refazendacomunicacao.com.br\/wp-content\/uploads\/2025\/04\/bottom-802x2048.png 802w\" sizes=\"(max-width: 1920px) 100vw, 1920px\" \/>\t\t\t\t\t\t\t\t\t\t\t\t\t\t\t<\/div>\n\t\t\t\t<\/div>\n\t\t\t\t\t<\/div>\n\t\t\t\t<\/div>\n\t\t\t\t<\/div>\n\t\t","protected":false},"excerpt":{"rendered":"<p>Estrat\u00e9gias personalizadas, resultados reais. Comunica\u00e7\u00e3o que aproxima, transforma e faz sentido. O que nos torna diferentes? Na Refazenda, aproximamos marcas de seus p\u00fablicos com solu\u00e7\u00f5es criativas, personalizadas e transformadoras. Nossos Servi\u00e7os Solu\u00e7\u00f5es criativas para transformar a comunica\u00e7\u00e3o da sua marca.<\/p>\n","protected":false},"author":1,"featured_media":0,"parent":0,"menu_order":0,"comment_status":"closed","ping_status":"closed","template":"","meta":{"inline_featured_image":false,"footnotes":""},"class_list":["post-15","page","type-page","status-publish","hentry"],"_links":{"self":[{"href":"https:\/\/refazendacomunicacao.com.br\/index.php?rest_route=\/wp\/v2\/pages\/15","targetHints":{"allow":["GET"]}}],"collection":[{"href":"https:\/\/refazendacomunicacao.com.br\/index.php?rest_route=\/wp\/v2\/pages"}],"about":[{"href":"https:\/\/refazendacomunicacao.com.br\/index.php?rest_route=\/wp\/v2\/types\/page"}],"author":[{"embeddable":true,"href":"https:\/\/refazendacomunicacao.com.br\/index.php?rest_route=\/wp\/v2\/users\/1"}],"replies":[{"embeddable":true,"href":"https:\/\/refazendacomunicacao.com.br\/index.php?rest_route=%2Fwp%2Fv2%2Fcomments&post=15"}],"version-history":[{"count":46,"href":"https:\/\/refazendacomunicacao.com.br\/index.php?rest_route=\/wp\/v2\/pages\/15\/revisions"}],"predecessor-version":[{"id":130,"href":"https:\/\/refazendacomunicacao.com.br\/index.php?rest_route=\/wp\/v2\/pages\/15\/revisions\/130"}],"wp:attachment":[{"href":"https:\/\/refazendacomunicacao.com.br\/index.php?rest_route=%2Fwp%2Fv2%2Fmedia&parent=15"}],"curies":[{"name":"wp","href":"https:\/\/api.w.org\/{rel}","templated":true}]}}